{"id":160,"date":"2017-01-27T19:32:29","date_gmt":"2017-01-27T19:32:29","guid":{"rendered":"http:\/\/www.dachbau-schmid.de\/?page_id=160"},"modified":"2024-02-01T08:20:29","modified_gmt":"2024-02-01T07:20:29","slug":"dachdeckerei","status":"publish","type":"page","link":"https:\/\/www.dachbau-schmid.de\/?page_id=160","title":{"rendered":"Dachdeckerei"},"content":{"rendered":"<p>[et_pb_section fb_built=&#8220;1&#8243; admin_label=&#8220;section&#8220; _builder_version=&#8220;4.16&#8243; background_color=&#8220;#dcdcdc&#8220; global_colors_info=&#8220;{}&#8220;][et_pb_row admin_label=&#8220;Row&#8220; _builder_version=&#8220;4.16&#8243; background_size=&#8220;initial&#8220; background_position=&#8220;top_left&#8220; background_repeat=&#8220;repeat&#8220; global_colors_info=&#8220;{}&#8220;][et_pb_column type=&#8220;4_4&#8243; _builder_version=&#8220;4.16&#8243; custom_padding=&#8220;|||&#8220; global_colors_info=&#8220;{}&#8220; custom_padding__hover=&#8220;|||&#8220;][et_pb_text admin_label=&#8220;Text&#8220; _builder_version=&#8220;4.16&#8243; background_size=&#8220;initial&#8220; background_position=&#8220;top_left&#8220; background_repeat=&#8220;repeat&#8220; global_colors_info=&#8220;{}&#8220;]<\/p>\n<h1><strong>Dachdeckerei<\/strong><\/h1>\n<p>[\/et_pb_text][et_pb_divider disabled_on=&#8220;on|on|off&#8220; admin_label=&#8220;Teiler&#8220; _builder_version=&#8220;4.16&#8243; global_colors_info=&#8220;{}&#8220;][\/et_pb_divider][et_pb_text admin_label=&#8220;Text&#8220; _builder_version=&#8220;4.16&#8243; background_size=&#8220;initial&#8220; background_position=&#8220;top_left&#8220; background_repeat=&#8220;repeat&#8220; custom_padding=&#8220;15px||15px|&#8220; global_colors_info=&#8220;{}&#8220;]Unsere Dachdeckerleistungen umfassen folgende Arbeiten:<br \/>\n[\/et_pb_text][\/et_pb_column][\/et_pb_row][et_pb_row column_structure=&#8220;1_2,1_2&#8243; admin_label=&#8220;row&#8220; _builder_version=&#8220;4.16&#8243; background_size=&#8220;initial&#8220; background_position=&#8220;top_left&#8220; background_repeat=&#8220;repeat&#8220; global_colors_info=&#8220;{}&#8220;][et_pb_column type=&#8220;1_2&#8243; _builder_version=&#8220;4.16&#8243; custom_padding=&#8220;15px||15px|&#8220; global_colors_info=&#8220;{}&#8220; custom_padding__hover=&#8220;|||&#8220;][et_pb_text admin_label=&#8220;Text&#8220; _builder_version=&#8220;4.16&#8243; background_size=&#8220;initial&#8220; background_position=&#8220;top_left&#8220; background_repeat=&#8220;repeat&#8220; global_colors_info=&#8220;{}&#8220;]<\/p>\n<p>&#8211; Steildach<br \/>&#8211; Flachdach<br \/>&#8211; Fassaden<br \/>&#8211; Albausanierungen<br \/>&#8211; Reparaturen<br \/>&#8211; Einbau von Dachfl\u00e4chenfenstern<br \/>&#8211; Solartermie-Anlagen Indach<\/p>\n<p>Gerne beraten wir Sie bei Altbausanierungen \u00fcber energieeffiziente L\u00f6sungen und \u00fcber die<br \/>F\u00f6rderprogramme der KfW.<\/p>\n<p>[\/et_pb_text][\/et_pb_column][et_pb_column type=&#8220;1_2&#8243; _builder_version=&#8220;4.16&#8243; custom_padding=&#8220;||15px|&#8220; global_colors_info=&#8220;{}&#8220; custom_padding__hover=&#8220;|||&#8220;][et_pb_gallery gallery_ids=&#8220;1208,1209,1210,1204,1205,1206,1207,1240,1239,1236,1237,1238&#8243; fullwidth=&#8220;on&#8220; admin_label=&#8220;Gallery&#8220; _builder_version=&#8220;4.16&#8243; auto=&#8220;on&#8220; auto_speed=&#8220;8000&#8243; use_border_color=&#8220;off&#8220; border_color=&#8220;#ffffff&#8220; border_style=&#8220;solid&#8220; global_colors_info=&#8220;{}&#8220;][\/et_pb_gallery][\/et_pb_column][\/et_pb_row][\/et_pb_section]<\/p>\n","protected":false},"excerpt":{"rendered":"<p>Dachdeckerei Unsere Dachdeckerleistungen umfassen folgende Arbeiten: &#8211; Steildach- Flachdach- Fassaden- Albausanierungen- Reparaturen- Einbau von Dachfl\u00e4chenfenstern- Solartermie-Anlagen Indach Gerne beraten wir Sie bei Altbausanierungen \u00fcber energieeffiziente L\u00f6sungen und \u00fcber dieF\u00f6rderprogramme der KfW.<\/p>\n","protected":false},"author":1,"featured_media":0,"parent":0,"menu_order":0,"comment_status":"closed","ping_status":"closed","template":"","meta":{"_et_pb_use_builder":"on","_et_pb_old_content":"","_et_gb_content_width":"","footnotes":""},"class_list":["post-160","page","type-page","status-publish","hentry"],"_links":{"self":[{"href":"https:\/\/www.dachbau-schmid.de\/index.php?rest_route=\/wp\/v2\/pages\/160","targetHints":{"allow":["GET"]}}],"collection":[{"href":"https:\/\/www.dachbau-schmid.de\/index.php?rest_route=\/wp\/v2\/pages"}],"about":[{"href":"https:\/\/www.dachbau-schmid.de\/index.php?rest_route=\/wp\/v2\/types\/page"}],"author":[{"embeddable":true,"href":"https:\/\/www.dachbau-schmid.de\/index.php?rest_route=\/wp\/v2\/users\/1"}],"replies":[{"embeddable":true,"href":"https:\/\/www.dachbau-schmid.de\/index.php?rest_route=%2Fwp%2Fv2%2Fcomments&post=160"}],"version-history":[{"count":38,"href":"https:\/\/www.dachbau-schmid.de\/index.php?rest_route=\/wp\/v2\/pages\/160\/revisions"}],"predecessor-version":[{"id":1531,"href":"https:\/\/www.dachbau-schmid.de\/index.php?rest_route=\/wp\/v2\/pages\/160\/revisions\/1531"}],"wp:attachment":[{"href":"https:\/\/www.dachbau-schmid.de\/index.php?rest_route=%2Fwp%2Fv2%2Fmedia&parent=160"}],"curies":[{"name":"wp","href":"https:\/\/api.w.org\/{rel}","templated":true}]}}