{"id":156,"date":"2017-01-27T19:31:36","date_gmt":"2017-01-27T19:31:36","guid":{"rendered":"http:\/\/www.dachbau-schmid.de\/?page_id=156"},"modified":"2017-04-20T09:30:40","modified_gmt":"2017-04-20T08:30:40","slug":"zimmerei","status":"publish","type":"page","link":"https:\/\/www.dachbau-schmid.de\/?page_id=156","title":{"rendered":"Zimmerei"},"content":{"rendered":"<p>[et_pb_section fb_built=&#8220;1&#8243; background_color=&#8220;#dcdcdc&#8220; admin_label=&#8220;section&#8220;][et_pb_row admin_label=&#8220;Row&#8220;][et_pb_column type=&#8220;4_4&#8243; parallax=&#8220;off&#8220; parallax_method=&#8220;on&#8220;][et_pb_text admin_label=&#8220;Text&#8220;]<\/p>\n<h1><strong>Zimmerei \/ Holzbau<\/strong><\/h1>\n<p>[\/et_pb_text][et_pb_divider color=&#8220;#e08800&#8243; show_divider=&#8220;on&#8220; divider_style=&#8220;solid&#8220; divider_position=&#8220;top&#8220; admin_label=&#8220;Teiler&#8220;][\/et_pb_divider][et_pb_text admin_label=&#8220;Text&#8220; custom_padding=&#8220;15px||15px|&#8220;]<\/p>\n<p>Mit unserer langj\u00e4hrigen Erfahrung planen und zeichnen wir Ihren Dachstuhl\u00a0oder Ihr Holzbauvorhaben.<br \/>\nDabei unterst\u00fctzen wir Ihr Vorstellungsverm\u00f6gen\u00a0mit 3D Darstellungen. Bei allen Bauvorhaben legen wir<br \/>\ngro\u00dfen Wert auf die\u00a0Qualit\u00e4t des Holzes.<\/p>\n<p>[\/et_pb_text][\/et_pb_column][\/et_pb_row][et_pb_row custom_padding=&#8220;||15px|&#8220; padding_bottom_1=&#8220;15px&#8220; padding_bottom_2=&#8220;15px&#8220; parallax_method_1=&#8220;off&#8220; parallax_method_2=&#8220;off&#8220; admin_label=&#8220;row&#8220;][et_pb_column type=&#8220;1_2&#8243; padding_bottom=&#8220;15px&#8220; parallax=&#8220;off&#8220; parallax_method=&#8220;off&#8220;][et_pb_text admin_label=&#8220;Text&#8220;]<\/p>\n<p>&#8211; Dachst\u00fchle<br \/>\n&#8211; Sichtdachst\u00fchle<br \/>\n&#8211; Dachgauben<br \/>\n&#8211; Carports<br \/>\n&#8211; Eingangsd\u00e4cher<br \/>\n&#8211; Holzfassaden<br \/>\n&#8211; Hallenbau<br \/>\n&#8211; Holzst\u00e4nderbau<\/p>\n<p>[\/et_pb_text][\/et_pb_column][et_pb_column type=&#8220;1_2&#8243; padding_bottom=&#8220;15px&#8220; parallax=&#8220;off&#8220; parallax_method=&#8220;off&#8220;][et_pb_gallery gallery_ids=&#8220;1189,1171,1172,1173,1174,1175,1176,1177,1178,1179,1180,1181,1182,1183,1184,1185,1186,1188,1187&#8243; fullwidth=&#8220;on&#8220; auto=&#8220;on&#8220; auto_speed=&#8220;8000&#8243; admin_label=&#8220;Gallery&#8220;][\/et_pb_gallery][\/et_pb_column][\/et_pb_row][\/et_pb_section]<\/p>\n","protected":false},"excerpt":{"rendered":"<p>Zimmerei \/ Holzbau Mit unserer langj\u00e4hrigen Erfahrung planen und zeichnen wir Ihren Dachstuhl\u00a0oder Ihr Holzbauvorhaben. Dabei unterst\u00fctzen wir Ihr Vorstellungsverm\u00f6gen\u00a0mit 3D Darstellungen. Bei allen Bauvorhaben legen wir gro\u00dfen Wert auf die\u00a0Qualit\u00e4t des Holzes. &#8211; Dachst\u00fchle &#8211; Sichtdachst\u00fchle &#8211; Dachgauben &#8211; Carports &#8211; Eingangsd\u00e4cher &#8211; Holzfassaden &#8211; Hallenbau &#8211; Holzst\u00e4nderbau<\/p>\n","protected":false},"author":1,"featured_media":0,"parent":0,"menu_order":0,"comment_status":"closed","ping_status":"closed","template":"","meta":{"_et_pb_use_builder":"on","_et_pb_old_content":"","_et_gb_content_width":"","footnotes":""},"class_list":["post-156","page","type-page","status-publish","hentry"],"_links":{"self":[{"href":"https:\/\/www.dachbau-schmid.de\/index.php?rest_route=\/wp\/v2\/pages\/156","targetHints":{"allow":["GET"]}}],"collection":[{"href":"https:\/\/www.dachbau-schmid.de\/index.php?rest_route=\/wp\/v2\/pages"}],"about":[{"href":"https:\/\/www.dachbau-schmid.de\/index.php?rest_route=\/wp\/v2\/types\/page"}],"author":[{"embeddable":true,"href":"https:\/\/www.dachbau-schmid.de\/index.php?rest_route=\/wp\/v2\/users\/1"}],"replies":[{"embeddable":true,"href":"https:\/\/www.dachbau-schmid.de\/index.php?rest_route=%2Fwp%2Fv2%2Fcomments&post=156"}],"version-history":[{"count":41,"href":"https:\/\/www.dachbau-schmid.de\/index.php?rest_route=\/wp\/v2\/pages\/156\/revisions"}],"predecessor-version":[{"id":1226,"href":"https:\/\/www.dachbau-schmid.de\/index.php?rest_route=\/wp\/v2\/pages\/156\/revisions\/1226"}],"wp:attachment":[{"href":"https:\/\/www.dachbau-schmid.de\/index.php?rest_route=%2Fwp%2Fv2%2Fmedia&parent=156"}],"curies":[{"name":"wp","href":"https:\/\/api.w.org\/{rel}","templated":true}]}}