{"id":148,"date":"2017-01-27T19:26:07","date_gmt":"2017-01-27T19:26:07","guid":{"rendered":"http:\/\/www.dachbau-schmid.de\/?page_id=148"},"modified":"2026-03-30T08:05:03","modified_gmt":"2026-03-30T07:05:03","slug":"geschichte","status":"publish","type":"page","link":"https:\/\/www.dachbau-schmid.de\/?page_id=148","title":{"rendered":"Geschichte"},"content":{"rendered":"<p>[et_pb_section fb_built=&#8220;1&#8243; admin_label=&#8220;section&#8220; _builder_version=&#8220;4.16&#8243; background_color=&#8220;#dcdcdc&#8220; global_colors_info=&#8220;{}&#8220;][et_pb_row admin_label=&#8220;row&#8220; _builder_version=&#8220;4.16&#8243; background_size=&#8220;initial&#8220; background_position=&#8220;top_left&#8220; background_repeat=&#8220;repeat&#8220; custom_padding=&#8220;||15px|&#8220; global_colors_info=&#8220;{}&#8220;][et_pb_column type=&#8220;4_4&#8243; _builder_version=&#8220;4.16&#8243; custom_padding=&#8220;|||&#8220; global_colors_info=&#8220;{}&#8220; custom_padding__hover=&#8220;|||&#8220;][et_pb_text admin_label=&#8220;Text_Geschichte&#8220; _builder_version=&#8220;4.16&#8243; background_size=&#8220;initial&#8220; background_position=&#8220;top_left&#8220; background_repeat=&#8220;repeat&#8220; global_colors_info=&#8220;{}&#8220;]<\/p>\n<h1><strong>Geschichte<\/strong><\/h1>\n<p>[\/et_pb_text][et_pb_divider disabled_on=&#8220;on|on|off&#8220; admin_label=&#8220;Teiler&#8220; _builder_version=&#8220;4.16&#8243; global_colors_info=&#8220;{}&#8220;][\/et_pb_divider][et_pb_text admin_label=&#8220;Text_Con\u00adtent&#8220; _builder_version=&#8220;4.16&#8243; background_size=&#8220;initial&#8220; background_position=&#8220;top_left&#8220; background_repeat=&#8220;repeat&#8220; custom_padding=&#8220;15px|||&#8220; global_colors_info=&#8220;{}&#8220;]<\/p>\n<p>Die Firmengeschichte der Zimmerei Schmid erz\u00e4hlt seit 60 Jahren von strebsamer Arbeit und festem Familienzusammenhalt. Sie k\u00f6nnte symbolisch f\u00fcr deutsche Handwerkst\u00fcchtigkeit und Traditionsbewusstsein stehen.<br \/>1965 gr\u00fcndetet Ulrich Schmid die Zimmerei Schmid. Die Belegschaft der ersten Stunde bestand aus 3 Mann. Als im M\u00e4rz 1981 der Meister und Vater des Betriebs \u00fcberraschend an Herzversagen starb, \u00fcbernahm sein Sohn, Alfons Schmid, der damals 19 Jahre alt war, den Betrieb. 1984 legte er seine Meisterpr\u00fcfung ab. 1985 wurde der Betrieb in eine GmbH umgewandelt.Im gleichen Jahr wurde die gro\u00dfe Halle sowie B\u00fcror\u00e4ume neu gebaut.<br \/>1986 wurde im B\u00fcro auf Computer umgestellt. Ein spezielles Programm erstellt nun Pl\u00e4ne und Massenermittlungen f\u00fcr Dachst\u00fchle.<br \/>Im September 1990 wurde das 25 j\u00e4hrige Betriebsjubil\u00e4um gefeiert.<br \/>2006 legte Uli Schmid jr. seinen Meister im Dachdeckerhandwerk ab und wurde mit dem Bayrischen Staatspreis ausgezeichnet.<br \/>Aktuell umfasst die Belegschaft 2 Meister und 3 Gesellen.<\/p>\n<p>&nbsp;<\/p>\n<p>Wir sind Mitglied der Zimmerer- und Dachdeckerinnung, sowie Ausbildungsbetrieb im\u00a0 Zimmerer- und Dachdeckerhandwerk.<\/p>\n<p>[\/et_pb_text][\/et_pb_column][\/et_pb_row][\/et_pb_section]<\/p>\n","protected":false},"excerpt":{"rendered":"<p>Geschichte Die Firmengeschichte der Zimmerei Schmid erz\u00e4hlt seit 60 Jahren von strebsamer Arbeit und festem Familienzusammenhalt. Sie k\u00f6nnte symbolisch f\u00fcr deutsche Handwerkst\u00fcchtigkeit und Traditionsbewusstsein stehen.1965 gr\u00fcndetet Ulrich Schmid die Zimmerei Schmid. Die Belegschaft der ersten Stunde bestand aus 3 Mann. Als im M\u00e4rz 1981 der Meister und Vater des Betriebs \u00fcberraschend an Herzversagen starb, \u00fcbernahm [&hellip;]<\/p>\n","protected":false},"author":1,"featured_media":0,"parent":0,"menu_order":0,"comment_status":"closed","ping_status":"closed","template":"","meta":{"_et_pb_use_builder":"on","_et_pb_old_content":"<p>Die Firmengeschichte der Zimmerei Schmid erz\u00e4hlt \u00fcber 50 Jahren strebsamer Arbeit und festem Familienzusammenhalt. Sie k\u00f6nnte symbolisch f\u00fcr deutsche Handwerkst\u00fcchtigkeit und Traditionsbewusstsein stehen.<\/p><p>Urspr\u00fcnglich stand auf dem heutigen Firmengel\u00e4nde eine Ziegelei. Als diese eingestellt wurde, gr\u00fcndetet Ulrich Schmid im M\u00e4rz 1965 die Zimmerei Schmid. Zur Belegschaft der ersten Stunde bestand aus 3 Mann: Ulrich Schmid, sein Bruder Hubert Schmid sowie Kurt Karge. Der erste Auftrag der neu gegr\u00fcndeten Firma war ein Satteldach in Langerringen, gr\u00f6\u00dfere Baustellen wie zum Beispiel ein Aussiedlerhof und die Schule in Langerringen oder Eigentumswohnanlangen in Bad W\u00f6rishofen. Gebietsm\u00e4\u00dfig lag damals der Arbeitsschwerpunkt um Ettringen, Siebnach und Untermeitingen. Als im M\u00e4rz 1981 der Meister und Vater des Betriebs \u00fcberraschend an Herzversagen starb, entschloss sich sein Sohn, Alfons Schmid, der damals 19 Jahre alt war, den Betrieb zu \u00fcbernehmen. 1984 legte er seine Meisterpr\u00fcfung ab. Er ist mit Erna Schmid seit 1985 verheiratet und hat eine Tochter und 2 S\u00f6hne.<\/p><p>1985 wurde der Betrieb in eine GmbH umgewandelt. Gesch\u00e4ftsf\u00fchrer sind jetzt Alfons und seine Mutter gemeinsam. Im gleichen Jahr wurde die Halle sowie B\u00fcror\u00e4ume neu gebaut.<\/p><p>1986 wurde im B\u00fcro auf Computer umgestellt, ein spezielles Programm erstellt nun Pl\u00e4ne und Massenermittlungen f\u00fcr Dachst\u00fchle.<\/p><p>Im September 1990 wurde das 25 j\u00e4hrige Betriebsjubil\u00e4um gefeiert.<\/p>","_et_gb_content_width":"","footnotes":""},"class_list":["post-148","page","type-page","status-publish","hentry"],"_links":{"self":[{"href":"https:\/\/www.dachbau-schmid.de\/index.php?rest_route=\/wp\/v2\/pages\/148","targetHints":{"allow":["GET"]}}],"collection":[{"href":"https:\/\/www.dachbau-schmid.de\/index.php?rest_route=\/wp\/v2\/pages"}],"about":[{"href":"https:\/\/www.dachbau-schmid.de\/index.php?rest_route=\/wp\/v2\/types\/page"}],"author":[{"embeddable":true,"href":"https:\/\/www.dachbau-schmid.de\/index.php?rest_route=\/wp\/v2\/users\/1"}],"replies":[{"embeddable":true,"href":"https:\/\/www.dachbau-schmid.de\/index.php?rest_route=%2Fwp%2Fv2%2Fcomments&post=148"}],"version-history":[{"count":15,"href":"https:\/\/www.dachbau-schmid.de\/index.php?rest_route=\/wp\/v2\/pages\/148\/revisions"}],"predecessor-version":[{"id":1596,"href":"https:\/\/www.dachbau-schmid.de\/index.php?rest_route=\/wp\/v2\/pages\/148\/revisions\/1596"}],"wp:attachment":[{"href":"https:\/\/www.dachbau-schmid.de\/index.php?rest_route=%2Fwp%2Fv2%2Fmedia&parent=148"}],"curies":[{"name":"wp","href":"https:\/\/api.w.org\/{rel}","templated":true}]}}